{"id":457,"date":"2022-04-30T20:18:49","date_gmt":"2022-04-30T18:18:49","guid":{"rendered":"https:\/\/lamagodiere.fr\/index.php\/commander\/"},"modified":"2026-03-08T11:51:58","modified_gmt":"2026-03-08T10:51:58","slug":"commander","status":"publish","type":"page","link":"https:\/\/lamagodiere.fr\/index.php\/commander\/","title":{"rendered":"Validation de la commande"},"content":{"rendered":"<p>[et_pb_section fb_built=\u00a0\u00bb1&Prime; _builder_version=\u00a0\u00bb4.16&Prime; background_color=\u00a0\u00bb#F9F5ED\u00a0\u00bb da_disable_devices=\u00a0\u00bboff|off|off\u00a0\u00bb global_colors_info=\u00a0\u00bb{}\u00a0\u00bb da_is_popup=\u00a0\u00bboff\u00a0\u00bb da_exit_intent=\u00a0\u00bboff\u00a0\u00bb da_has_close=\u00a0\u00bbon\u00a0\u00bb da_alt_close=\u00a0\u00bboff\u00a0\u00bb da_dark_close=\u00a0\u00bboff\u00a0\u00bb da_not_modal=\u00a0\u00bbon\u00a0\u00bb da_is_singular=\u00a0\u00bboff\u00a0\u00bb da_with_loader=\u00a0\u00bboff\u00a0\u00bb da_has_shadow=\u00a0\u00bbon\u00a0\u00bb][et_pb_row _builder_version=\u00a0\u00bb4.16&Prime; background_size=\u00a0\u00bbinitial\u00a0\u00bb background_position=\u00a0\u00bbtop_left\u00a0\u00bb background_repeat=\u00a0\u00bbrepeat\u00a0\u00bb custom_padding=\u00a0\u00bb||0%||false|false\u00a0\u00bb global_colors_info=\u00a0\u00bb{}\u00a0\u00bb][et_pb_column type=\u00a0\u00bb4_4&Prime; _builder_version=\u00a0\u00bb4.16&Prime; custom_padding=\u00a0\u00bb|||\u00a0\u00bb global_colors_info=\u00a0\u00bb{}\u00a0\u00bb custom_padding__hover=\u00a0\u00bb|||\u00a0\u00bb][et_pb_button button_url=\u00a0\u00bb@ET-DC@eyJkeW5hbWljIjp0cnVlLCJjb250ZW50IjoicG9zdF9saW5rX3VybF9wYWdlIiwic2V0dGluZ3MiOnsicG9zdF9pZCI6IjQ1NSJ9fQ==@\u00a0\u00bb button_text=\u00a0\u00bbRevenir \u00e0 la page d&rsquo;accueil\u00a0\u00bb _builder_version=\u00a0\u00bb4.20.0&Prime; _dynamic_attributes=\u00a0\u00bbbutton_url\u00a0\u00bb _module_preset=\u00a0\u00bbdefault\u00a0\u00bb custom_button=\u00a0\u00bbon\u00a0\u00bb button_text_size=\u00a0\u00bb16px\u00a0\u00bb button_border_radius=\u00a0\u00bb30px\u00a0\u00bb button_icon=\u00a0\u00bb&#x34;||divi||400&Prime; button_icon_placement=\u00a0\u00bbleft\u00a0\u00bb button_on_hover=\u00a0\u00bboff\u00a0\u00bb custom_margin=\u00a0\u00bb-10px||20px||false|false\u00a0\u00bb global_module=\u00a0\u00bb932&Prime; global_colors_info=\u00a0\u00bb{}\u00a0\u00bb][\/et_pb_button][et_pb_post_title meta=\u00a0\u00bboff\u00a0\u00bb featured_image=\u00a0\u00bboff\u00a0\u00bb _builder_version=\u00a0\u00bb4.16&Prime; title_font=\u00a0\u00bbGascogne bold||||||||\u00a0\u00bb title_text_color=\u00a0\u00bb#592E3C\u00a0\u00bb global_colors_info=\u00a0\u00bb{}\u00a0\u00bb][\/et_pb_post_title][et_pb_wc_cart_notice placeholder_color=\u00a0\u00bb#592E3C\u00a0\u00bb _builder_version=\u00a0\u00bb4.16&Prime; title_font=\u00a0\u00bbGascogne bold||||||||\u00a0\u00bb title_text_color=\u00a0\u00bb#F9F5ED\u00a0\u00bb title_font_size=\u00a0\u00bb16px\u00a0\u00bb error_text_color=\u00a0\u00bb#F9F5ED\u00a0\u00bb background_color=\u00a0\u00bb#295848&Prime; custom_button=\u00a0\u00bbon\u00a0\u00bb button_text_size=\u00a0\u00bb16px\u00a0\u00bb button_text_color=\u00a0\u00bb#F9F5ED\u00a0\u00bb button_bg_color=\u00a0\u00bb#592E3C\u00a0\u00bb button_border_width=\u00a0\u00bb0px\u00a0\u00bb button_border_radius=\u00a0\u00bb25px\u00a0\u00bb button_font=\u00a0\u00bbGascogne bold||||||||\u00a0\u00bb border_radii=\u00a0\u00bbon|25px|25px|25px|25px\u00a0\u00bb border_width_all_form=\u00a0\u00bb2px\u00a0\u00bb border_color_all_form=\u00a0\u00bb#592E3C\u00a0\u00bb global_colors_info=\u00a0\u00bb{}\u00a0\u00bb][\/et_pb_wc_cart_notice][\/et_pb_column][\/et_pb_row][et_pb_row column_structure=\u00a0\u00bb1_2,1_2&Prime; _builder_version=\u00a0\u00bb4.16&Prime; background_size=\u00a0\u00bbinitial\u00a0\u00bb background_position=\u00a0\u00bbtop_left\u00a0\u00bb background_repeat=\u00a0\u00bbrepeat\u00a0\u00bb global_colors_info=\u00a0\u00bb{}\u00a0\u00bb][et_pb_column type=\u00a0\u00bb1_2&Prime; _builder_version=\u00a0\u00bb4.16&Prime; custom_padding=\u00a0\u00bb|||\u00a0\u00bb global_colors_info=\u00a0\u00bb{}\u00a0\u00bb custom_padding__hover=\u00a0\u00bb|||\u00a0\u00bb][et_pb_wc_checkout_billing _builder_version=\u00a0\u00bb4.16&Prime; form_notice_background_color=\u00a0\u00bb#295848&Prime; form_notice_text_color=\u00a0\u00bb#F9F5ED\u00a0\u00bb title_font=\u00a0\u00bbGascogne bold||||||||\u00a0\u00bb title_text_color=\u00a0\u00bb#592E3C\u00a0\u00bb form_notice_font=\u00a0\u00bbGascogne bold||||||||\u00a0\u00bb form_notice_font_size=\u00a0\u00bb16px\u00a0\u00bb border_radii_form_notice=\u00a0\u00bbon|25px|25px|25px|25px\u00a0\u00bb global_colors_info=\u00a0\u00bb{}\u00a0\u00bb][\/et_pb_wc_checkout_billing][\/et_pb_column][et_pb_column type=\u00a0\u00bb1_2&Prime; _builder_version=\u00a0\u00bb4.16&Prime; custom_padding=\u00a0\u00bb|||\u00a0\u00bb global_colors_info=\u00a0\u00bb{}\u00a0\u00bb custom_padding__hover=\u00a0\u00bb|||\u00a0\u00bb][et_pb_wc_checkout_shipping _builder_version=\u00a0\u00bb4.16&Prime; title_font=\u00a0\u00bbGascogne bold||||||||\u00a0\u00bb title_text_color=\u00a0\u00bb#592E3C\u00a0\u00bb global_colors_info=\u00a0\u00bb{}\u00a0\u00bb][\/et_pb_wc_checkout_shipping][et_pb_wc_checkout_additional_info _builder_version=\u00a0\u00bb4.16&Prime; title_font=\u00a0\u00bbGascogne bold||||||||\u00a0\u00bb title_text_color=\u00a0\u00bb#592E3C\u00a0\u00bb global_colors_info=\u00a0\u00bb{}\u00a0\u00bb][\/et_pb_wc_checkout_additional_info][et_pb_text _builder_version=\u00a0\u00bb4.21.0&Prime; _module_preset=\u00a0\u00bbdefault\u00a0\u00bb text_font=\u00a0\u00bbGascogne bold||||||||\u00a0\u00bb text_text_color=\u00a0\u00bb#F9F5ED\u00a0\u00bb text_font_size=\u00a0\u00bb16px\u00a0\u00bb background_color=\u00a0\u00bb#991E00&Prime; custom_margin=\u00a0\u00bb0px|0px||0px|false|false\u00a0\u00bb custom_padding=\u00a0\u00bb10px|10px|10px|10px|true|false\u00a0\u00bb border_radii=\u00a0\u00bbon|10px|10px|10px|10px\u00a0\u00bb global_colors_info=\u00a0\u00bb{}\u00a0\u00bb disabled_on=\u00a0\u00bbon|on|on\u00a0\u00bb disabled=\u00a0\u00bbon\u00a0\u00bb]<\/p>\n<p style=\"text-align: center;\">\ud83c\udf81 Vous avez command\u00e9 un assortiment \u00e0 offrir ? \ud83c\udf81<br \/>N&rsquo;h\u00e9sitez \u00e0 laisser un commentaire si vous souhaitez qu&rsquo;il soit emball\u00e9 par nos soins !<\/p>\n<p>[\/et_pb_text][\/et_pb_column][\/et_pb_row][et_pb_row _builder_version=\u00a0\u00bb4.16&Prime; background_size=\u00a0\u00bbinitial\u00a0\u00bb background_position=\u00a0\u00bbtop_left\u00a0\u00bb background_repeat=\u00a0\u00bbrepeat\u00a0\u00bb global_colors_info=\u00a0\u00bb{}\u00a0\u00bb][et_pb_column type=\u00a0\u00bb4_4&Prime; _builder_version=\u00a0\u00bb4.16&Prime; custom_padding=\u00a0\u00bb|||\u00a0\u00bb global_colors_info=\u00a0\u00bb{}\u00a0\u00bb custom_padding__hover=\u00a0\u00bb|||\u00a0\u00bb][et_pb_wc_checkout_order_details _builder_version=\u00a0\u00bb4.16&Prime; title_font=\u00a0\u00bbGascogne bold||||||||\u00a0\u00bb title_text_color=\u00a0\u00bb#592E3C\u00a0\u00bb link_text_color=\u00a0\u00bb#991E00&Prime; border_width_all_table=\u00a0\u00bb2px\u00a0\u00bb border_color_all_table=\u00a0\u00bb#592E3C\u00a0\u00bb global_colors_info=\u00a0\u00bb{}\u00a0\u00bb][\/et_pb_wc_checkout_order_details][et_pb_text _builder_version=\u00a0\u00bb4.21.0&Prime; _module_preset=\u00a0\u00bbdefault\u00a0\u00bb text_font=\u00a0\u00bb|||on|||||\u00a0\u00bb hover_enabled=\u00a0\u00bb0&Prime; global_colors_info=\u00a0\u00bb{}\u00a0\u00bb border_color_all=\u00a0\u00bb#295848&Prime; border_width_all=\u00a0\u00bb1px\u00a0\u00bb border_radii=\u00a0\u00bbon|5px|5px|5px|5px\u00a0\u00bb background_color=\u00a0\u00bb#295848&Prime; text_text_color=\u00a0\u00bb#F9F5ED\u00a0\u00bb sticky_enabled=\u00a0\u00bb0&Prime;]<\/p>\n<p style=\"text-align: center;\"><span style=\"color: #F9F5ED;\"><i class=\"fa-solid fa-recycle\"><\/i><strong>\u00a0Pensez \u00e0 ramener votre propre cabas ou panier\u00a0\u00a0<\/strong><\/span><\/p>\n<p>[\/et_pb_text][et_pb_text _builder_version=\u00a0\u00bb4.21.0&Prime; _module_preset=\u00a0\u00bbdefault\u00a0\u00bb text_font=\u00a0\u00bb||||||||\u00a0\u00bb text_text_color=\u00a0\u00bb#592E3C\u00a0\u00bb text_orientation=\u00a0\u00bbcenter\u00a0\u00bb global_colors_info=\u00a0\u00bb{}\u00a0\u00bb]<\/p>\n<p><span style=\"text-decoration: underline;\"><strong><br \/>Points de retrait actuellement disponibles<\/strong><\/span><strong> :<\/strong><strong><br \/>March\u00e9 de Susan<\/strong> (Quartier Prairie-au-Duc, Nantes) &#8211; <strong>Vendredi <\/strong>de<strong> 16h \u00e0 19h30<\/strong><br \/><strong>March\u00e9 du Bourg d&rsquo;Orvault<\/strong> &#8211; <strong>Dimanche<\/strong>\u00a0de <strong>8h00 \u00e0 12h30<br \/><\/strong><em>Reprise des ventes \u00e0 la ferme au printemps<\/em><strong><\/strong><\/p>\n<p><strong><\/strong><\/p>\n<p>[\/et_pb_text][et_pb_wc_checkout_payment_info _builder_version=\u00a0\u00bb4.18.0&Prime; radio_button_text_color=\u00a0\u00bb#474747&Prime; selected_radio_button_background_color=\u00a0\u00bbRGBA(255,255,255,0)\u00a0\u00bb selected_radio_button_text_color=\u00a0\u00bb#474747&Prime; tooltip_background_color=\u00a0\u00bb#592E3C\u00a0\u00bb form_notice_background_color=\u00a0\u00bb#592E3C\u00a0\u00bb body_text_color=\u00a0\u00bb#474747&Prime; link_font=\u00a0\u00bb||||on|||#474747|solid\u00a0\u00bb link_text_color=\u00a0\u00bb#474747&Prime; radio_button_font_size=\u00a0\u00bb15px\u00a0\u00bb selected_radio_button_font=\u00a0\u00bb||||||||\u00a0\u00bb selected_radio_button_font_size=\u00a0\u00bb15px\u00a0\u00bb tooltip_text_color=\u00a0\u00bb#F9F5ED\u00a0\u00bb tooltip_font_size=\u00a0\u00bb14px\u00a0\u00bb form_notice_text_color=\u00a0\u00bb#F9F5ED\u00a0\u00bb form_notice_font_size=\u00a0\u00bb14px\u00a0\u00bb background_color=\u00a0\u00bbRGBA(255,255,255,0)\u00a0\u00bb custom_button=\u00a0\u00bbon\u00a0\u00bb button_text_size=\u00a0\u00bb18px\u00a0\u00bb button_text_color=\u00a0\u00bb#F9F5ED\u00a0\u00bb button_bg_color=\u00a0\u00bb#592E3C\u00a0\u00bb button_border_radius=\u00a0\u00bb25px\u00a0\u00bb button_font=\u00a0\u00bbGascogne bold||||||||\u00a0\u00bb button_icon=\u00a0\u00bb&#x4e;||divi||400&Prime; border_radii=\u00a0\u00bbon|6px|6px|6px|6px\u00a0\u00bb border_width_all=\u00a0\u00bb2px\u00a0\u00bb border_color_all=\u00a0\u00bb#592E3C\u00a0\u00bb border_radii_tooltip=\u00a0\u00bbon|15px|15px|15px|15px\u00a0\u00bb border_radii_form_notice=\u00a0\u00bbon|15px|15px|15px|15px\u00a0\u00bb global_colors_info=\u00a0\u00bb{}\u00a0\u00bb][\/et_pb_wc_checkout_payment_info][\/et_pb_column][\/et_pb_row][\/et_pb_section]<\/p>\n","protected":false},"excerpt":{"rendered":"<p>\ud83c\udf81 Vous avez command\u00e9 un assortiment \u00e0 offrir ? \ud83c\udf81N&rsquo;h\u00e9sitez \u00e0 laisser un commentaire si vous souhaitez qu&rsquo;il soit emball\u00e9 par nos soins !\u00a0Pensez \u00e0 ramener votre propre cabas ou panier\u00a0\u00a0Points de retrait actuellement disponibles :March\u00e9 de Susan (Quartier Prairie-au-Duc, Nantes) &#8211; Vendredi de 16h \u00e0 19h30March\u00e9 du Bourg d&rsquo;Orvault &#8211; Dimanche\u00a0de 8h00 \u00e0 12h30Reprise [&hellip;]<\/p>\n","protected":false},"author":1,"featured_media":0,"parent":0,"menu_order":0,"comment_status":"closed","ping_status":"closed","template":"","meta":{"_et_pb_use_builder":"on","_et_pb_old_content":"<!-- wp:shortcode -->[woocommerce_checkout]<!-- \/wp:shortcode -->","_et_gb_content_width":"","footnotes":""},"class_list":["post-457","page","type-page","status-publish","hentry"],"yoast_head":"<!-- This site is optimized with the Yoast SEO plugin v25.2 - https:\/\/yoast.com\/wordpress\/plugins\/seo\/ -->\n<title>Validation de la commande - La Magodi\u00e8re<\/title>\n<meta name=\"robots\" content=\"index, follow, max-snippet:-1, max-image-preview:large, max-video-preview:-1\" \/>\n<link rel=\"canonical\" href=\"https:\/\/lamagodiere.fr\/index.php\/commander\/\" \/>\n<meta property=\"og:locale\" content=\"fr_FR\" \/>\n<meta property=\"og:type\" content=\"article\" \/>\n<meta property=\"og:title\" content=\"Validation de la commande - La Magodi\u00e8re\" \/>\n<meta property=\"og:description\" content=\"\ud83c\udf81 Vous avez command\u00e9 un assortiment \u00e0 offrir ? \ud83c\udf81N&#039;h\u00e9sitez \u00e0 laisser un commentaire si vous souhaitez qu&#039;il soit emball\u00e9 par nos soins !\u00a0Pensez \u00e0 ramener votre propre cabas ou panier\u00a0\u00a0Points de retrait actuellement disponibles :March\u00e9 de Susan (Quartier Prairie-au-Duc, Nantes) - Vendredi de 16h \u00e0 19h30March\u00e9 du Bourg d&#039;Orvault - Dimanche\u00a0de 8h00 \u00e0 12h30Reprise [&hellip;]\" \/>\n<meta property=\"og:url\" content=\"https:\/\/lamagodiere.fr\/index.php\/commander\/\" \/>\n<meta property=\"og:site_name\" content=\"La Magodi\u00e8re\" \/>\n<meta property=\"article:publisher\" content=\"https:\/\/www.facebook.com\/lamagodiere\/\" \/>\n<meta property=\"article:modified_time\" content=\"2026-03-08T10:51:58+00:00\" \/>\n<meta property=\"og:image\" content=\"https:\/\/lamagodiere.fr\/wp-content\/uploads\/2021\/08\/linkimage.png\" \/>\n\t<meta property=\"og:image:width\" content=\"1200\" \/>\n\t<meta property=\"og:image:height\" content=\"628\" \/>\n\t<meta property=\"og:image:type\" content=\"image\/png\" \/>\n<meta name=\"twitter:card\" content=\"summary_large_image\" \/>\n<meta name=\"twitter:label1\" content=\"Dur\u00e9e de lecture estim\u00e9e\" \/>\n\t<meta name=\"twitter:data1\" content=\"4 minutes\" \/>\n<script type=\"application\/ld+json\" class=\"yoast-schema-graph\">{\"@context\":\"https:\/\/schema.org\",\"@graph\":[{\"@type\":\"WebPage\",\"@id\":\"https:\/\/lamagodiere.fr\/index.php\/commander\/\",\"url\":\"https:\/\/lamagodiere.fr\/index.php\/commander\/\",\"name\":\"Validation de la commande - La Magodi\u00e8re\",\"isPartOf\":{\"@id\":\"https:\/\/lamagodiere.fr\/#website\"},\"datePublished\":\"2022-04-30T18:18:49+00:00\",\"dateModified\":\"2026-03-08T10:51:58+00:00\",\"breadcrumb\":{\"@id\":\"https:\/\/lamagodiere.fr\/index.php\/commander\/#breadcrumb\"},\"inLanguage\":\"fr-FR\",\"potentialAction\":[{\"@type\":\"ReadAction\",\"target\":[\"https:\/\/lamagodiere.fr\/index.php\/commander\/\"]}]},{\"@type\":\"BreadcrumbList\",\"@id\":\"https:\/\/lamagodiere.fr\/index.php\/commander\/#breadcrumb\",\"itemListElement\":[{\"@type\":\"ListItem\",\"position\":1,\"name\":\"Accueil\",\"item\":\"https:\/\/lamagodiere.fr\/\"},{\"@type\":\"ListItem\",\"position\":2,\"name\":\"Validation de la commande\"}]},{\"@type\":\"WebSite\",\"@id\":\"https:\/\/lamagodiere.fr\/#website\",\"url\":\"https:\/\/lamagodiere.fr\/\",\"name\":\"La Magodi\u00e8re\",\"description\":\"Jardins-Mara\u00eechers Biologiques \u00e0 Orvault\",\"publisher\":{\"@id\":\"https:\/\/lamagodiere.fr\/#organization\"},\"potentialAction\":[{\"@type\":\"SearchAction\",\"target\":{\"@type\":\"EntryPoint\",\"urlTemplate\":\"https:\/\/lamagodiere.fr\/?s={search_term_string}\"},\"query-input\":{\"@type\":\"PropertyValueSpecification\",\"valueRequired\":true,\"valueName\":\"search_term_string\"}}],\"inLanguage\":\"fr-FR\"},{\"@type\":\"Organization\",\"@id\":\"https:\/\/lamagodiere.fr\/#organization\",\"name\":\"La Magodi\u00e8re - Jardins-mara\u00eechers biologiques\",\"url\":\"https:\/\/lamagodiere.fr\/\",\"logo\":{\"@type\":\"ImageObject\",\"inLanguage\":\"fr-FR\",\"@id\":\"https:\/\/lamagodiere.fr\/#\/schema\/logo\/image\/\",\"url\":\"https:\/\/lamagodiere.fr\/wp-content\/uploads\/2021\/07\/linkimage.png\",\"contentUrl\":\"https:\/\/lamagodiere.fr\/wp-content\/uploads\/2021\/07\/linkimage.png\",\"width\":1200,\"height\":628,\"caption\":\"La Magodi\u00e8re - Jardins-mara\u00eechers biologiques\"},\"image\":{\"@id\":\"https:\/\/lamagodiere.fr\/#\/schema\/logo\/image\/\"},\"sameAs\":[\"https:\/\/www.facebook.com\/lamagodiere\/\",\"https:\/\/www.instagram.com\/lamagodiere\/\"]}]}<\/script>\n<!-- \/ Yoast SEO plugin. -->","yoast_head_json":{"title":"Validation de la commande - La Magodi\u00e8re","robots":{"index":"index","follow":"follow","max-snippet":"max-snippet:-1","max-image-preview":"max-image-preview:large","max-video-preview":"max-video-preview:-1"},"canonical":"https:\/\/lamagodiere.fr\/index.php\/commander\/","og_locale":"fr_FR","og_type":"article","og_title":"Validation de la commande - La Magodi\u00e8re","og_description":"\ud83c\udf81 Vous avez command\u00e9 un assortiment \u00e0 offrir ? \ud83c\udf81N'h\u00e9sitez \u00e0 laisser un commentaire si vous souhaitez qu'il soit emball\u00e9 par nos soins !\u00a0Pensez \u00e0 ramener votre propre cabas ou panier\u00a0\u00a0Points de retrait actuellement disponibles :March\u00e9 de Susan (Quartier Prairie-au-Duc, Nantes) - Vendredi de 16h \u00e0 19h30March\u00e9 du Bourg d'Orvault - Dimanche\u00a0de 8h00 \u00e0 12h30Reprise [&hellip;]","og_url":"https:\/\/lamagodiere.fr\/index.php\/commander\/","og_site_name":"La Magodi\u00e8re","article_publisher":"https:\/\/www.facebook.com\/lamagodiere\/","article_modified_time":"2026-03-08T10:51:58+00:00","og_image":[{"width":1200,"height":628,"url":"https:\/\/lamagodiere.fr\/wp-content\/uploads\/2021\/08\/linkimage.png","type":"image\/png"}],"twitter_card":"summary_large_image","twitter_misc":{"Dur\u00e9e de lecture estim\u00e9e":"4 minutes"},"schema":{"@context":"https:\/\/schema.org","@graph":[{"@type":"WebPage","@id":"https:\/\/lamagodiere.fr\/index.php\/commander\/","url":"https:\/\/lamagodiere.fr\/index.php\/commander\/","name":"Validation de la commande - La Magodi\u00e8re","isPartOf":{"@id":"https:\/\/lamagodiere.fr\/#website"},"datePublished":"2022-04-30T18:18:49+00:00","dateModified":"2026-03-08T10:51:58+00:00","breadcrumb":{"@id":"https:\/\/lamagodiere.fr\/index.php\/commander\/#breadcrumb"},"inLanguage":"fr-FR","potentialAction":[{"@type":"ReadAction","target":["https:\/\/lamagodiere.fr\/index.php\/commander\/"]}]},{"@type":"BreadcrumbList","@id":"https:\/\/lamagodiere.fr\/index.php\/commander\/#breadcrumb","itemListElement":[{"@type":"ListItem","position":1,"name":"Accueil","item":"https:\/\/lamagodiere.fr\/"},{"@type":"ListItem","position":2,"name":"Validation de la commande"}]},{"@type":"WebSite","@id":"https:\/\/lamagodiere.fr\/#website","url":"https:\/\/lamagodiere.fr\/","name":"La Magodi\u00e8re","description":"Jardins-Mara\u00eechers Biologiques \u00e0 Orvault","publisher":{"@id":"https:\/\/lamagodiere.fr\/#organization"},"potentialAction":[{"@type":"SearchAction","target":{"@type":"EntryPoint","urlTemplate":"https:\/\/lamagodiere.fr\/?s={search_term_string}"},"query-input":{"@type":"PropertyValueSpecification","valueRequired":true,"valueName":"search_term_string"}}],"inLanguage":"fr-FR"},{"@type":"Organization","@id":"https:\/\/lamagodiere.fr\/#organization","name":"La Magodi\u00e8re - Jardins-mara\u00eechers biologiques","url":"https:\/\/lamagodiere.fr\/","logo":{"@type":"ImageObject","inLanguage":"fr-FR","@id":"https:\/\/lamagodiere.fr\/#\/schema\/logo\/image\/","url":"https:\/\/lamagodiere.fr\/wp-content\/uploads\/2021\/07\/linkimage.png","contentUrl":"https:\/\/lamagodiere.fr\/wp-content\/uploads\/2021\/07\/linkimage.png","width":1200,"height":628,"caption":"La Magodi\u00e8re - Jardins-mara\u00eechers biologiques"},"image":{"@id":"https:\/\/lamagodiere.fr\/#\/schema\/logo\/image\/"},"sameAs":["https:\/\/www.facebook.com\/lamagodiere\/","https:\/\/www.instagram.com\/lamagodiere\/"]}]}},"jetpack_sharing_enabled":true,"_links":{"self":[{"href":"https:\/\/lamagodiere.fr\/index.php\/wp-json\/wp\/v2\/pages\/457","targetHints":{"allow":["GET"]}}],"collection":[{"href":"https:\/\/lamagodiere.fr\/index.php\/wp-json\/wp\/v2\/pages"}],"about":[{"href":"https:\/\/lamagodiere.fr\/index.php\/wp-json\/wp\/v2\/types\/page"}],"author":[{"embeddable":true,"href":"https:\/\/lamagodiere.fr\/index.php\/wp-json\/wp\/v2\/users\/1"}],"replies":[{"embeddable":true,"href":"https:\/\/lamagodiere.fr\/index.php\/wp-json\/wp\/v2\/comments?post=457"}],"version-history":[{"count":35,"href":"https:\/\/lamagodiere.fr\/index.php\/wp-json\/wp\/v2\/pages\/457\/revisions"}],"predecessor-version":[{"id":5118,"href":"https:\/\/lamagodiere.fr\/index.php\/wp-json\/wp\/v2\/pages\/457\/revisions\/5118"}],"wp:attachment":[{"href":"https:\/\/lamagodiere.fr\/index.php\/wp-json\/wp\/v2\/media?parent=457"}],"curies":[{"name":"wp","href":"https:\/\/api.w.org\/{rel}","templated":true}]}}